{"id":280,"date":"2025-09-25T15:43:55","date_gmt":"2025-09-25T15:43:55","guid":{"rendered":"https:\/\/www.mbjustitia.com\/le-cabinet\/"},"modified":"2025-10-01T09:10:54","modified_gmt":"2025-10-01T09:10:54","slug":"le-cabinet","status":"publish","type":"page","link":"https:\/\/www.mbjustitia.com\/fr\/le-cabinet\/","title":{"rendered":"Le Cabinet"},"content":{"rendered":"\t\t<div data-elementor-type=\"wp-page\" data-elementor-id=\"280\" class=\"elementor elementor-280 elementor-52\">\n\t\t\t\t<div class=\"elementor-element elementor-element-e91b9bb e-grid e-con-full e-con e-parent\" data-id=\"e91b9bb\" data-element_type=\"container\" data-e-type=\"container\">\n\t\t\t\t<div class=\"elementor-element elementor-element-e6fa39a elementor-widget elementor-widget-text-editor\" data-id=\"e6fa39a\" data-element_type=\"widget\" data-e-type=\"widget\" data-widget_type=\"text-editor.default\">\n\t\t\t\t\t\t\t\t\t<p>La soci\u00e9t\u00e9 civile professionnelle d\u2019avocats MB JUSTITIA a \u00e9t\u00e9 cr\u00e9\u00e9e en 2015 par ses deux associ\u00e9s, Monsieur le B\u00e2tonnier Fabrice MAUREL et Ma\u00eetre C\u00e9cile BIGUENET. Ma\u00eetre Laura FRITSCH a rejoint le cabinet en 2019. Madame Evelyne DIRIL, assistante juridique est venue renforcer l\u2019\u00e9quipe en 2021. <\/p><p>Le cabinet inscrit au Barreau de Grasse se situe \u00e0 Cannes et conseille les clients sur tout le territoire. <\/p>\t\t\t\t\t\t\t\t<\/div>\n\t\t\t\t<\/div>\n\t\t<div class=\"elementor-element elementor-element-40f2b33 e-con-full e-flex e-con e-parent\" data-id=\"40f2b33\" data-element_type=\"container\" data-e-type=\"container\">\n\t\t\t\t<div class=\"elementor-element elementor-element-3e4728b elementor-widget elementor-widget-heading\" data-id=\"3e4728b\" data-element_type=\"widget\" data-e-type=\"widget\" data-widget_type=\"heading.default\">\n\t\t\t\t\t<h4 class=\"elementor-heading-title elementor-size-default\">Our Practice Areas<\/h4>\t\t\t\t<\/div>\n\t\t\t\t<div class=\"elementor-element elementor-element-89a1c47 elementor-widget elementor-widget-text-editor\" data-id=\"89a1c47\" data-element_type=\"widget\" data-e-type=\"widget\" data-widget_type=\"text-editor.default\">\n\t\t\t\t\t\t\t\t\t<p>Les principaux domaines d\u2019activit\u00e9 de notre Cabinet sont :<\/p>\t\t\t\t\t\t\t\t<\/div>\n\t\t\t\t<div class=\"elementor-element elementor-element-d3ea9c3 elementor-widget elementor-widget-icon-box\" data-id=\"d3ea9c3\" data-element_type=\"widget\" data-e-type=\"widget\" data-widget_type=\"icon-box.default\">\n\t\t\t\t\t\t\t<div class=\"elementor-icon-box-wrapper\">\n\n\t\t\t\n\t\t\t\t\t\t<div class=\"elementor-icon-box-content\">\n\n\t\t\t\t\t\t\t\t\t<h5 class=\"elementor-icon-box-title\">\n\t\t\t\t\t\t<span  >\n\t\t\t\t\t\t\tle droit immobilier\t\t\t\t\t\t<\/span>\n\t\t\t\t\t<\/h5>\n\t\t\t\t\n\t\t\t\t\t\t\t\t\t<p class=\"elementor-icon-box-description\">\n\t\t\t\t\t\tpropri\u00e9t\u00e9 immobili\u00e8re, copropri\u00e9t\u00e9, lotissement, saisie immobili\u00e8re, troubles de voisinage, actes de vente, construction et travaux, baux d\u2019habitation et baux commerciaux, expulsion, servitudes et droit de passage, r\u00e9f\u00e9r\u00e9s expertise, assurances, usucapion, prescription, cr\u00e9dits immobiliers, hypoth\u00e8ques et privil\u00e8ges immobiliers...\t\t\t\t\t<\/p>\n\t\t\t\t\n\t\t\t<\/div>\n\t\t\t\n\t\t<\/div>\n\t\t\t\t\t\t<\/div>\n\t\t\t\t<div class=\"elementor-element elementor-element-02f61ab elementor-widget elementor-widget-icon-box\" data-id=\"02f61ab\" data-element_type=\"widget\" data-e-type=\"widget\" data-widget_type=\"icon-box.default\">\n\t\t\t\t\t\t\t<div class=\"elementor-icon-box-wrapper\">\n\n\t\t\t\n\t\t\t\t\t\t<div class=\"elementor-icon-box-content\">\n\n\t\t\t\t\t\t\t\t\t<h5 class=\"elementor-icon-box-title\">\n\t\t\t\t\t\t<span  >\n\t\t\t\t\t\t\tle droit des successions\t\t\t\t\t\t<\/span>\n\t\t\t\t\t<\/h5>\n\t\t\t\t\n\t\t\t\t\t\t\t\t\t<p class=\"elementor-icon-box-description\">\n\t\t\t\t\t\td\u00e9volution successorale, partage de succession, indivision, testament, h\u00e9ritage, legs, assurance-vie, tutelle, curatelle...\t\t\t\t\t<\/p>\n\t\t\t\t\n\t\t\t<\/div>\n\t\t\t\n\t\t<\/div>\n\t\t\t\t\t\t<\/div>\n\t\t\t\t<div class=\"elementor-element elementor-element-a9156d3 elementor-widget elementor-widget-icon-box\" data-id=\"a9156d3\" data-element_type=\"widget\" data-e-type=\"widget\" data-widget_type=\"icon-box.default\">\n\t\t\t\t\t\t\t<div class=\"elementor-icon-box-wrapper\">\n\n\t\t\t\n\t\t\t\t\t\t<div class=\"elementor-icon-box-content\">\n\n\t\t\t\t\t\t\t\t\t<h5 class=\"elementor-icon-box-title\">\n\t\t\t\t\t\t<span  >\n\t\t\t\t\t\t\tle droit de la responsabilit\u00e9\t\t\t\t\t\t<\/span>\n\t\t\t\t\t<\/h5>\n\t\t\t\t\n\t\t\t\t\t\t\t\t\t<p class=\"elementor-icon-box-description\">\n\t\t\t\t\t\tresponsabilit\u00e9 civile contractuelle, responsabilit\u00e9 d\u00e9lictuelle, responsabilit\u00e9 professionnelle des constructeurs, architectes, notaires, agents immobiliers, huissiers, artisans, entrepreneurs...\t\t\t\t\t<\/p>\n\t\t\t\t\n\t\t\t<\/div>\n\t\t\t\n\t\t<\/div>\n\t\t\t\t\t\t<\/div>\n\t\t\t\t<div class=\"elementor-element elementor-element-cc298ce elementor-widget elementor-widget-icon-box\" data-id=\"cc298ce\" data-element_type=\"widget\" data-e-type=\"widget\" data-widget_type=\"icon-box.default\">\n\t\t\t\t\t\t\t<div class=\"elementor-icon-box-wrapper\">\n\n\t\t\t\n\t\t\t\t\t\t<div class=\"elementor-icon-box-content\">\n\n\t\t\t\t\t\t\t\t\t<h5 class=\"elementor-icon-box-title\">\n\t\t\t\t\t\t<span  >\n\t\t\t\t\t\t\tle droit du recouvrement des cr\u00e9ances\t\t\t\t\t\t<\/span>\n\t\t\t\t\t<\/h5>\n\t\t\t\t\n\t\t\t\t\t\t\t\t\t<p class=\"elementor-icon-box-description\">\n\t\t\t\t\t\tcharges de copropri\u00e9t\u00e9, loyers d\u2019habitation, loyers commerciaux, honoraires et factures impay\u00e9s...\t\t\t\t\t<\/p>\n\t\t\t\t\n\t\t\t<\/div>\n\t\t\t\n\t\t<\/div>\n\t\t\t\t\t\t<\/div>\n\t\t\t\t<div class=\"elementor-element elementor-element-66962ac elementor-widget elementor-widget-icon-box\" data-id=\"66962ac\" data-element_type=\"widget\" data-e-type=\"widget\" data-widget_type=\"icon-box.default\">\n\t\t\t\t\t\t\t<div class=\"elementor-icon-box-wrapper\">\n\n\t\t\t\n\t\t\t\t\t\t<div class=\"elementor-icon-box-content\">\n\n\t\t\t\t\t\t\t\t\t<h5 class=\"elementor-icon-box-title\">\n\t\t\t\t\t\t<span  >\n\t\t\t\t\t\t\tle droit des contrats\t\t\t\t\t\t<\/span>\n\t\t\t\t\t<\/h5>\n\t\t\t\t\n\t\t\t\t\t\t\t\t\t<p class=\"elementor-icon-box-description\">\n\t\t\t\t\t\tactes de vente, cession de parts, cession de fonds de commerce...\t\t\t\t\t<\/p>\n\t\t\t\t\n\t\t\t<\/div>\n\t\t\t\n\t\t<\/div>\n\t\t\t\t\t\t<\/div>\n\t\t\t\t<\/div>\n\t\t\t\t<\/div>\n\t\t","protected":false},"excerpt":{"rendered":"<p>La soci\u00e9t\u00e9 civile professionnelle d\u2019avocats MB JUSTITIA a \u00e9t\u00e9 cr\u00e9\u00e9e en 2015 par ses deux associ\u00e9s, Monsieur le B\u00e2tonnier Fabrice MAUREL et Ma\u00eetre C\u00e9cile BIGUENET. Ma\u00eetre Laura FRITSCH a rejoint le cabinet en 2019. Madame Evelyne DIRIL, assistante juridique est venue renforcer l\u2019\u00e9quipe en 2021. Le cabinet inscrit au Barreau de Grasse se situe \u00e0 [&hellip;]<\/p>\n","protected":false},"author":1,"featured_media":279,"parent":0,"menu_order":0,"comment_status":"closed","ping_status":"closed","template":"","meta":{"footnotes":""},"class_list":["post-280","page","type-page","status-publish","has-post-thumbnail","hentry","entry"],"_links":{"self":[{"href":"https:\/\/www.mbjustitia.com\/fr\/wp-json\/wp\/v2\/pages\/280","targetHints":{"allow":["GET"]}}],"collection":[{"href":"https:\/\/www.mbjustitia.com\/fr\/wp-json\/wp\/v2\/pages"}],"about":[{"href":"https:\/\/www.mbjustitia.com\/fr\/wp-json\/wp\/v2\/types\/page"}],"author":[{"embeddable":true,"href":"https:\/\/www.mbjustitia.com\/fr\/wp-json\/wp\/v2\/users\/1"}],"replies":[{"embeddable":true,"href":"https:\/\/www.mbjustitia.com\/fr\/wp-json\/wp\/v2\/comments?post=280"}],"version-history":[{"count":1,"href":"https:\/\/www.mbjustitia.com\/fr\/wp-json\/wp\/v2\/pages\/280\/revisions"}],"predecessor-version":[{"id":281,"href":"https:\/\/www.mbjustitia.com\/fr\/wp-json\/wp\/v2\/pages\/280\/revisions\/281"}],"wp:featuredmedia":[{"embeddable":true,"href":"https:\/\/www.mbjustitia.com\/fr\/wp-json\/wp\/v2\/media\/279"}],"wp:attachment":[{"href":"https:\/\/www.mbjustitia.com\/fr\/wp-json\/wp\/v2\/media?parent=280"}],"curies":[{"name":"wp","href":"https:\/\/api.w.org\/{rel}","templated":true}]}}