{"id":283,"date":"2025-09-26T06:28:10","date_gmt":"2025-09-26T06:28:10","guid":{"rendered":"https:\/\/www.mbjustitia.com\/maitre-laura-fritsch\/"},"modified":"2025-10-01T09:14:08","modified_gmt":"2025-10-01T09:14:08","slug":"maitre-laura-fritsch","status":"publish","type":"page","link":"https:\/\/www.mbjustitia.com\/fr\/maitre-laura-fritsch\/","title":{"rendered":"Ma\u00eetre Laura Fritsch"},"content":{"rendered":"\t\t<div data-elementor-type=\"wp-page\" data-elementor-id=\"283\" class=\"elementor elementor-283 elementor-75\">\n\t\t\t\t<div class=\"elementor-element elementor-element-a9ad562 e-flex e-con-boxed e-con e-parent\" data-id=\"a9ad562\" data-element_type=\"container\" data-e-type=\"container\">\n\t\t\t\t\t<div class=\"e-con-inner\">\n\t\t\t\t<div class=\"elementor-element elementor-element-c4f59ef elementor-widget elementor-widget-text-editor\" data-id=\"c4f59ef\" data-element_type=\"widget\" data-e-type=\"widget\" data-widget_type=\"text-editor.default\">\n\t\t\t\t\t\t\t\t\t<p>Ma\u00eetre Laura FRITSCH est avocate au Barreau de Grasse et exerce en qualit\u00e9 de collaboratrice lib\u00e9rale au sein du cabinet MB JUSTITIA.<\/p><p>Elle est titulaire d\u2019un Master I de Droit priv\u00e9 et sciences criminelles d\u00e9livr\u00e9 par l\u2019Universit\u00e9 de droit d\u2019Aix-en-Provence, d\u2019un Master II en Droit des responsabilit\u00e9s ainsi que d\u2019un second Master II en Droit de l\u2019immobilier et de l\u2019urbanisme d\u00e9livr\u00e9s par la facult\u00e9 de Nice Sophia-Antipolis.<\/p><p>Elle b\u00e9n\u00e9ficie \u00e0 ce titre d\u2019une formation g\u00e9n\u00e9raliste en mati\u00e8res civile et p\u00e9nale, mais \u00e9galement de mani\u00e8re plus particuli\u00e8re, d\u2019une formation sp\u00e9cifique dans les domaines du droit contractuel, du droit immobilier et du droit de la construction.<\/p><p>Ma\u00eetre Laura FRITSCH profite \u00e9galement d\u2019une exp\u00e9rience pratique juridictionnelle pour avoir exerc\u00e9 pendant deux ann\u00e9es, et concomitamment \u00e0 ses \u00e9tudes, la fonction d\u2019assistance de justice pr\u00e8s le Procureur de la R\u00e9publique de Nice.<\/p><p>Forte de ce parcours th\u00e9orique et pratique extr\u00eamement complet, Ma\u00eetre Laura FRITSCH met<\/p><p>aujourd\u2019hui toutes ses comp\u00e9tences au service des justiciable et du cabinet d\u2019Avocat MB JUSTITIA.<\/p>\t\t\t\t\t\t\t\t<\/div>\n\t\t\t\t\t<\/div>\n\t\t\t\t<\/div>\n\t\t\t\t<\/div>\n\t\t","protected":false},"excerpt":{"rendered":"<p>Ma\u00eetre Laura FRITSCH est avocate au Barreau de Grasse et exerce en qualit\u00e9 de collaboratrice lib\u00e9rale au sein du cabinet MB JUSTITIA. Elle est titulaire d\u2019un Master I de Droit priv\u00e9 et sciences criminelles d\u00e9livr\u00e9 par l\u2019Universit\u00e9 de droit d\u2019Aix-en-Provence, d\u2019un Master II en Droit des responsabilit\u00e9s ainsi que d\u2019un second Master II en Droit [&hellip;]<\/p>\n","protected":false},"author":1,"featured_media":282,"parent":0,"menu_order":0,"comment_status":"closed","ping_status":"closed","template":"","meta":{"footnotes":""},"class_list":["post-283","page","type-page","status-publish","has-post-thumbnail","hentry","entry"],"_links":{"self":[{"href":"https:\/\/www.mbjustitia.com\/fr\/wp-json\/wp\/v2\/pages\/283","targetHints":{"allow":["GET"]}}],"collection":[{"href":"https:\/\/www.mbjustitia.com\/fr\/wp-json\/wp\/v2\/pages"}],"about":[{"href":"https:\/\/www.mbjustitia.com\/fr\/wp-json\/wp\/v2\/types\/page"}],"author":[{"embeddable":true,"href":"https:\/\/www.mbjustitia.com\/fr\/wp-json\/wp\/v2\/users\/1"}],"replies":[{"embeddable":true,"href":"https:\/\/www.mbjustitia.com\/fr\/wp-json\/wp\/v2\/comments?post=283"}],"version-history":[{"count":1,"href":"https:\/\/www.mbjustitia.com\/fr\/wp-json\/wp\/v2\/pages\/283\/revisions"}],"predecessor-version":[{"id":284,"href":"https:\/\/www.mbjustitia.com\/fr\/wp-json\/wp\/v2\/pages\/283\/revisions\/284"}],"wp:featuredmedia":[{"embeddable":true,"href":"https:\/\/www.mbjustitia.com\/fr\/wp-json\/wp\/v2\/media\/282"}],"wp:attachment":[{"href":"https:\/\/www.mbjustitia.com\/fr\/wp-json\/wp\/v2\/media?parent=283"}],"curies":[{"name":"wp","href":"https:\/\/api.w.org\/{rel}","templated":true}]}}