{"id":287,"date":"2025-09-26T06:46:21","date_gmt":"2025-09-26T06:46:21","guid":{"rendered":"https:\/\/www.mbjustitia.com\/batonnier-fabrice-maurel\/"},"modified":"2025-10-01T09:16:51","modified_gmt":"2025-10-01T09:16:51","slug":"batonnier-fabrice-maurel","status":"publish","type":"page","link":"https:\/\/www.mbjustitia.com\/fr\/batonnier-fabrice-maurel\/","title":{"rendered":"B\u00e2tonnier Fabrice Maurel"},"content":{"rendered":"\t\t<div data-elementor-type=\"wp-page\" data-elementor-id=\"287\" class=\"elementor elementor-287 elementor-81\">\n\t\t\t\t<div class=\"elementor-element elementor-element-a9ad562 e-flex e-con-boxed e-con e-parent\" data-id=\"a9ad562\" data-element_type=\"container\" data-e-type=\"container\">\n\t\t\t\t\t<div class=\"e-con-inner\">\n\t\t\t\t<div class=\"elementor-element elementor-element-c4f59ef elementor-widget elementor-widget-text-editor\" data-id=\"c4f59ef\" data-element_type=\"widget\" data-e-type=\"widget\" data-widget_type=\"text-editor.default\">\n\t\t\t\t\t\t\t\t\t<p>Ma\u00eetre MAUREL Fabrice est Avocat au Barreau de Grasse, Docteur en Droit.<\/p><p>Initialement dipl\u00f4m\u00e9 d\u2019une Ecole sup\u00e9rieure de commerce (EDC-Paris Business School) en ayant suivi le cursus Gestion et D\u00e9veloppement des PME, Ma\u00eetre MAUREL a poursuivi sa formation vers l\u2019international en obtenant un Master en Management des \u00e9changes Est-Ouest (ESSCA).<\/p><p>Ma\u00eetre MAUREL Fabrice est Avocat au Barreau de Grasse, Docteur en Droit. Initialement dipl\u00f4m\u00e9 d\u2019une Ecole sup\u00e9rieure de commerce (EDC-Paris Business School) en ayant suivi le cursus Gestion et D\u00e9veloppement des PME, Ma\u00eetre MAUREL a poursuivi sa formation vers l\u2019international en obtenant un Master en Management des \u00e9changes Est-Ouest (ESSCA).<\/p><p>D\u00e9sireux de donner une dimension juridique \u00e0 sa formation entrepreneuriale, Ma\u00eetre MAUREL a obtenu les dipl\u00f4mes de DESS de Droit Notarial et de DEA de Droit Immobilier au sein de la Facult\u00e9 de droit de Nice. Sa formation juridique a \u00e9t\u00e9 compl\u00e9t\u00e9e par le titre de Docteur en Droit suite \u00e0 la soutenance de sa Th\u00e8se en droit immobilier.<\/p><p>L\u2019aboutissement de ce parcours s\u2019est concr\u00e9tis\u00e9 par l\u2019obtention du CAPA (Certificat d\u2019Aptitude \u00e0 la Profession d\u2019Avocat).<br>Aujourd\u2019hui, Ma\u00eetre MAUREL, Avocat inscrit au Barreau de Grasse, met ses comp\u00e9tences acquises dans le domaine du droit des affaires et du droit immobilier, au service du cabinet d\u2019Avocats M.B. JUSTITIA, dont il est le co-fondateur.<\/p>\t\t\t\t\t\t\t\t<\/div>\n\t\t\t\t\t<\/div>\n\t\t\t\t<\/div>\n\t\t\t\t<\/div>\n\t\t","protected":false},"excerpt":{"rendered":"<p>Ma\u00eetre MAUREL Fabrice est Avocat au Barreau de Grasse, Docteur en Droit. Initialement dipl\u00f4m\u00e9 d\u2019une Ecole sup\u00e9rieure de commerce (EDC-Paris Business School) en ayant suivi le cursus Gestion et D\u00e9veloppement des PME, Ma\u00eetre MAUREL a poursuivi sa formation vers l\u2019international en obtenant un Master en Management des \u00e9changes Est-Ouest (ESSCA). Ma\u00eetre MAUREL Fabrice est Avocat [&hellip;]<\/p>\n","protected":false},"author":1,"featured_media":286,"parent":0,"menu_order":0,"comment_status":"closed","ping_status":"closed","template":"","meta":{"footnotes":""},"class_list":["post-287","page","type-page","status-publish","has-post-thumbnail","hentry","entry"],"_links":{"self":[{"href":"https:\/\/www.mbjustitia.com\/fr\/wp-json\/wp\/v2\/pages\/287","targetHints":{"allow":["GET"]}}],"collection":[{"href":"https:\/\/www.mbjustitia.com\/fr\/wp-json\/wp\/v2\/pages"}],"about":[{"href":"https:\/\/www.mbjustitia.com\/fr\/wp-json\/wp\/v2\/types\/page"}],"author":[{"embeddable":true,"href":"https:\/\/www.mbjustitia.com\/fr\/wp-json\/wp\/v2\/users\/1"}],"replies":[{"embeddable":true,"href":"https:\/\/www.mbjustitia.com\/fr\/wp-json\/wp\/v2\/comments?post=287"}],"version-history":[{"count":1,"href":"https:\/\/www.mbjustitia.com\/fr\/wp-json\/wp\/v2\/pages\/287\/revisions"}],"predecessor-version":[{"id":288,"href":"https:\/\/www.mbjustitia.com\/fr\/wp-json\/wp\/v2\/pages\/287\/revisions\/288"}],"wp:featuredmedia":[{"embeddable":true,"href":"https:\/\/www.mbjustitia.com\/fr\/wp-json\/wp\/v2\/media\/286"}],"wp:attachment":[{"href":"https:\/\/www.mbjustitia.com\/fr\/wp-json\/wp\/v2\/media?parent=287"}],"curies":[{"name":"wp","href":"https:\/\/api.w.org\/{rel}","templated":true}]}}