{"id":290,"date":"2025-09-26T06:48:12","date_gmt":"2025-09-26T06:48:12","guid":{"rendered":"https:\/\/www.mbjustitia.com\/maitre-cecile-biguenet-maurel\/"},"modified":"2025-10-01T09:39:07","modified_gmt":"2025-10-01T09:39:07","slug":"maitre-cecile-biguenet-maurel","status":"publish","type":"page","link":"https:\/\/www.mbjustitia.com\/fr\/maitre-cecile-biguenet-maurel\/","title":{"rendered":"Ma\u00eetre C\u00e9cile Biguenet-Maurel"},"content":{"rendered":"\t\t<div data-elementor-type=\"wp-page\" data-elementor-id=\"290\" class=\"elementor elementor-290 elementor-86\">\n\t\t\t\t<div class=\"elementor-element elementor-element-a9ad562 e-flex e-con-boxed e-con e-parent\" data-id=\"a9ad562\" data-element_type=\"container\" data-e-type=\"container\">\n\t\t\t\t\t<div class=\"e-con-inner\">\n\t\t\t\t<div class=\"elementor-element elementor-element-c4f59ef elementor-widget elementor-widget-text-editor\" data-id=\"c4f59ef\" data-element_type=\"widget\" data-e-type=\"widget\" data-widget_type=\"text-editor.default\">\n\t\t\t\t\t\t\t\t\t<p>Ma\u00eetre BIGUENET-MAUREL est avocate au Barreau de Grasse et associ\u00e9e fondatrice du cabinet M.B. JUSTITIA.<\/p><p>Apr\u00e8s un double cursus en expertise comptable et en droit priv\u00e9, Ma\u00eetre BIGUENET-MAUREL a obtenu un DESS de Droit Notarial, \u00e0 l\u2019issue duquel elle a pr\u00e9par\u00e9 son Doctorat sous la direction de Madame le Professeur de Poulpiquet de Brescanvel.<\/p><p>Sa th\u00e8se de doctorat a \u00e9t\u00e9 publi\u00e9e aux \u00e9ditions Defr\u00e9nois (Le devoir de conseil des Notaires).<\/p><p>Forte de cette solide formation initiale, Ma\u00eetre BIGUENET-MAUREL s\u2019est tr\u00e8s naturellement dirig\u00e9e vers le droit immobilier (copropri\u00e9t\u00e9, vente, urbanisme, professionnels de l\u2019immobilier), le droit des contrats (fonds de commerce, parts de soci\u00e9t\u00e9) et le droit des successions.<\/p><p>Elle enrichit la pratique de son activit\u00e9 d\u2019avocat par la r\u00e9daction r\u00e9guli\u00e8re d\u2019ouvrages et d\u2019articles juridiques pour de prestigieux \u00e9diteurs tels que Francis Lefebvre et Lexis-Nexis et par la participation \u00e0 des ouvrages collectifs \u00e9dit\u00e9s par Francis Lefebvre (M\u00e9mentos Vente immobili\u00e8re, M\u00e9mento Professions lib\u00e9rales, M\u00e9mento Proc\u00e9dure, Memento Droit des particuliers, Memento Gestion immobili\u00e8re\u2026.).<\/p><p>Form\u00e9e et accoutum\u00e9e \u00e0 la recherche et \u00e0 la r\u00e9daction juridique, Me BIGUENET-MAUREL nourrit une vraie passion pour le droit, la d\u00e9fense et la r\u00e9solution des litiges.<\/p>\t\t\t\t\t\t\t\t<\/div>\n\t\t\t\t\t<\/div>\n\t\t\t\t<\/div>\n\t\t\t\t<\/div>\n\t\t","protected":false},"excerpt":{"rendered":"<p>Ma\u00eetre BIGUENET-MAUREL est avocate au Barreau de Grasse et associ\u00e9e fondatrice du cabinet M.B. JUSTITIA. Apr\u00e8s un double cursus en expertise comptable et en droit priv\u00e9, Ma\u00eetre BIGUENET-MAUREL a obtenu un DESS de Droit Notarial, \u00e0 l\u2019issue duquel elle a pr\u00e9par\u00e9 son Doctorat sous la direction de Madame le Professeur de Poulpiquet de Brescanvel. Sa [&hellip;]<\/p>\n","protected":false},"author":1,"featured_media":289,"parent":0,"menu_order":0,"comment_status":"closed","ping_status":"closed","template":"","meta":{"footnotes":""},"class_list":["post-290","page","type-page","status-publish","has-post-thumbnail","hentry","entry"],"_links":{"self":[{"href":"https:\/\/www.mbjustitia.com\/fr\/wp-json\/wp\/v2\/pages\/290","targetHints":{"allow":["GET"]}}],"collection":[{"href":"https:\/\/www.mbjustitia.com\/fr\/wp-json\/wp\/v2\/pages"}],"about":[{"href":"https:\/\/www.mbjustitia.com\/fr\/wp-json\/wp\/v2\/types\/page"}],"author":[{"embeddable":true,"href":"https:\/\/www.mbjustitia.com\/fr\/wp-json\/wp\/v2\/users\/1"}],"replies":[{"embeddable":true,"href":"https:\/\/www.mbjustitia.com\/fr\/wp-json\/wp\/v2\/comments?post=290"}],"version-history":[{"count":1,"href":"https:\/\/www.mbjustitia.com\/fr\/wp-json\/wp\/v2\/pages\/290\/revisions"}],"predecessor-version":[{"id":291,"href":"https:\/\/www.mbjustitia.com\/fr\/wp-json\/wp\/v2\/pages\/290\/revisions\/291"}],"wp:featuredmedia":[{"embeddable":true,"href":"https:\/\/www.mbjustitia.com\/fr\/wp-json\/wp\/v2\/media\/289"}],"wp:attachment":[{"href":"https:\/\/www.mbjustitia.com\/fr\/wp-json\/wp\/v2\/media?parent=290"}],"curies":[{"name":"wp","href":"https:\/\/api.w.org\/{rel}","templated":true}]}}