{"id":292,"date":"2025-09-25T15:57:51","date_gmt":"2025-09-25T15:57:51","guid":{"rendered":"https:\/\/www.mbjustitia.com\/our-team\/"},"modified":"2025-10-09T07:13:10","modified_gmt":"2025-10-09T07:13:10","slug":"our-team","status":"publish","type":"page","link":"https:\/\/www.mbjustitia.com\/fr\/our-team\/","title":{"rendered":"Notre \u00e9quipe"},"content":{"rendered":"\t\t<div data-elementor-type=\"wp-post\" data-elementor-id=\"292\" class=\"elementor elementor-292 elementor-8\">\n\t\t\t\t<div class=\"elementor-element elementor-element-1aa8ff2 e-grid e-con-full e-con e-parent\" data-id=\"1aa8ff2\" data-element_type=\"container\" data-e-type=\"container\">\n\t\t\t\t<div class=\"elementor-element elementor-element-04f3dcc elementor-position-left elementor-vertical-align-middle elementor-widget elementor-widget-image-box\" data-id=\"04f3dcc\" data-element_type=\"widget\" data-e-type=\"widget\" data-widget_type=\"image-box.default\">\n\t\t\t\t\t<div class=\"elementor-image-box-wrapper\"><figure class=\"elementor-image-box-img\"><a href=\"https:\/\/www.mbjustitia.com\/fr\/maitre-laura-fritsch\/\" tabindex=\"-1\"><img fetchpriority=\"high\" decoding=\"async\" width=\"1600\" height=\"900\" src=\"https:\/\/www.mbjustitia.com\/wp-content\/uploads\/2025\/09\/maitre-laura-frisch-long.jpg\" class=\"attachment-full size-full wp-image-64\" alt=\"\" srcset=\"https:\/\/www.mbjustitia.com\/wp-content\/uploads\/2025\/09\/maitre-laura-frisch-long.jpg 1600w, https:\/\/www.mbjustitia.com\/wp-content\/uploads\/2025\/09\/maitre-laura-frisch-long-300x169.jpg 300w, https:\/\/www.mbjustitia.com\/wp-content\/uploads\/2025\/09\/maitre-laura-frisch-long-1024x576.jpg 1024w, https:\/\/www.mbjustitia.com\/wp-content\/uploads\/2025\/09\/maitre-laura-frisch-long-768x432.jpg 768w, https:\/\/www.mbjustitia.com\/wp-content\/uploads\/2025\/09\/maitre-laura-frisch-long-1536x864.jpg 1536w, https:\/\/www.mbjustitia.com\/wp-content\/uploads\/2025\/09\/maitre-laura-frisch-long-1568x882.jpg 1568w\" sizes=\"(max-width: 1600px) 100vw, 1600px\" \/><\/a><\/figure><div class=\"elementor-image-box-content\"><h5 class=\"elementor-image-box-title\"><a href=\"https:\/\/www.mbjustitia.com\/fr\/maitre-laura-fritsch\/\"> Master Laura Fritsch<\/a><\/h5><p class=\"elementor-image-box-description\">Lawyer Laura FRITSCH is a member of the GRASSE Bar and practises at MB JUSTITIA. <a href=\"https:\/\/www.mbjustitia.com\/fr\/maitre-laura-fritsch\/\" class=\"d-table btn btn-sm btn-mbjustitia btn-readmore\">Read More<\/a><\/p><\/div><\/div>\t\t\t\t<\/div>\n\t\t\t\t<div class=\"elementor-element elementor-element-55bbe4f elementor-position-left elementor-vertical-align-middle elementor-widget elementor-widget-image-box\" data-id=\"55bbe4f\" data-element_type=\"widget\" data-e-type=\"widget\" data-widget_type=\"image-box.default\">\n\t\t\t\t\t<div class=\"elementor-image-box-wrapper\"><figure class=\"elementor-image-box-img\"><a href=\"https:\/\/www.mbjustitia.com\/fr\/batonnier-fabrice-maurel\/\" tabindex=\"-1\"><img decoding=\"async\" width=\"1600\" height=\"900\" src=\"https:\/\/www.mbjustitia.com\/wp-content\/uploads\/2025\/09\/Maitre-Fabrice-Maurel.jpg\" class=\"attachment-full size-full wp-image-250\" alt=\"\" srcset=\"https:\/\/www.mbjustitia.com\/wp-content\/uploads\/2025\/09\/Maitre-Fabrice-Maurel.jpg 1600w, https:\/\/www.mbjustitia.com\/wp-content\/uploads\/2025\/09\/Maitre-Fabrice-Maurel-300x169.jpg 300w, https:\/\/www.mbjustitia.com\/wp-content\/uploads\/2025\/09\/Maitre-Fabrice-Maurel-1024x576.jpg 1024w, https:\/\/www.mbjustitia.com\/wp-content\/uploads\/2025\/09\/Maitre-Fabrice-Maurel-768x432.jpg 768w, https:\/\/www.mbjustitia.com\/wp-content\/uploads\/2025\/09\/Maitre-Fabrice-Maurel-1536x864.jpg 1536w, https:\/\/www.mbjustitia.com\/wp-content\/uploads\/2025\/09\/Maitre-Fabrice-Maurel-1568x882.jpg 1568w\" sizes=\"(max-width: 1600px) 100vw, 1600px\" \/><\/a><\/figure><div class=\"elementor-image-box-content\"><h5 class=\"elementor-image-box-title\"><a href=\"https:\/\/www.mbjustitia.com\/fr\/batonnier-fabrice-maurel\/\">B\u00e2tonnier Fabrice Maurel<\/a><\/h5><p class=\"elementor-image-box-description\">Ma\u00eetre Fabrice Maurel is a lawyer at the Grasse bar, and a Doctor of Law.<a href=\"https:\/\/www.mbjustitia.com\/fr\/batonnier-fabrice-maurel\/\" class=\"d-table btn btn-sm btn-mbjustitia btn-readmore\">Read More<\/a><\/p><\/div><\/div>\t\t\t\t<\/div>\n\t\t\t\t<div class=\"elementor-element elementor-element-afcad69 elementor-position-left elementor-vertical-align-middle elementor-widget elementor-widget-image-box\" data-id=\"afcad69\" data-element_type=\"widget\" data-e-type=\"widget\" data-widget_type=\"image-box.default\">\n\t\t\t\t\t<div class=\"elementor-image-box-wrapper\"><figure class=\"elementor-image-box-img\"><a href=\"https:\/\/www.mbjustitia.com\/fr\/maitre-cecile-biguenet-maurel\/\" tabindex=\"-1\"><img decoding=\"async\" width=\"1600\" height=\"900\" src=\"https:\/\/www.mbjustitia.com\/wp-content\/uploads\/2025\/09\/Maitre-Cecile-Biguenet-Maurel.jpg\" class=\"attachment-full size-full wp-image-254\" alt=\"\" srcset=\"https:\/\/www.mbjustitia.com\/wp-content\/uploads\/2025\/09\/Maitre-Cecile-Biguenet-Maurel.jpg 1600w, https:\/\/www.mbjustitia.com\/wp-content\/uploads\/2025\/09\/Maitre-Cecile-Biguenet-Maurel-300x169.jpg 300w, https:\/\/www.mbjustitia.com\/wp-content\/uploads\/2025\/09\/Maitre-Cecile-Biguenet-Maurel-1024x576.jpg 1024w, https:\/\/www.mbjustitia.com\/wp-content\/uploads\/2025\/09\/Maitre-Cecile-Biguenet-Maurel-768x432.jpg 768w, https:\/\/www.mbjustitia.com\/wp-content\/uploads\/2025\/09\/Maitre-Cecile-Biguenet-Maurel-1536x864.jpg 1536w, https:\/\/www.mbjustitia.com\/wp-content\/uploads\/2025\/09\/Maitre-Cecile-Biguenet-Maurel-1568x882.jpg 1568w\" sizes=\"(max-width: 1600px) 100vw, 1600px\" \/><\/a><\/figure><div class=\"elementor-image-box-content\"><h5 class=\"elementor-image-box-title\"><a href=\"https:\/\/www.mbjustitia.com\/fr\/maitre-cecile-biguenet-maurel\/\"> Ma\u00eetre C\u00e9cile Biguenet-Maurel<\/a><\/h5><p class=\"elementor-image-box-description\">Ma\u00eetre Biguenet-Maurel is a lawyer at the Grasse bar and a founding partner of M.B. JUSTITIA.<a href=\"https:\/\/www.mbjustitia.com\/fr\/maitre-cecile-biguenet-maurel\/\" class=\"d-table btn btn-sm btn-mbjustitia btn-readmore\">Read More<\/a><\/p><\/div><\/div>\t\t\t\t<\/div>\n\t\t\t\t<\/div>\n\t\t\t\t<\/div>\n\t\t","protected":false},"excerpt":{"rendered":"<p>Master Laura Fritsch Lawyer Laura FRITSCH is a member of the GRASSE Bar and practises at MB JUSTITIA. Read More B\u00e2tonnier Fabrice Maurel Ma\u00eetre Fabrice Maurel is a lawyer at the Grasse bar, and a Doctor of Law.Read More Ma\u00eetre C\u00e9cile Biguenet-Maurel Ma\u00eetre Biguenet-Maurel is a lawyer at the Grasse bar and a founding partner [&hellip;]<\/p>\n","protected":false},"author":1,"featured_media":285,"parent":0,"menu_order":0,"comment_status":"closed","ping_status":"closed","template":"","meta":{"footnotes":""},"class_list":["post-292","page","type-page","status-publish","has-post-thumbnail","hentry","entry"],"_links":{"self":[{"href":"https:\/\/www.mbjustitia.com\/fr\/wp-json\/wp\/v2\/pages\/292","targetHints":{"allow":["GET"]}}],"collection":[{"href":"https:\/\/www.mbjustitia.com\/fr\/wp-json\/wp\/v2\/pages"}],"about":[{"href":"https:\/\/www.mbjustitia.com\/fr\/wp-json\/wp\/v2\/types\/page"}],"author":[{"embeddable":true,"href":"https:\/\/www.mbjustitia.com\/fr\/wp-json\/wp\/v2\/users\/1"}],"replies":[{"embeddable":true,"href":"https:\/\/www.mbjustitia.com\/fr\/wp-json\/wp\/v2\/comments?post=292"}],"version-history":[{"count":3,"href":"https:\/\/www.mbjustitia.com\/fr\/wp-json\/wp\/v2\/pages\/292\/revisions"}],"predecessor-version":[{"id":353,"href":"https:\/\/www.mbjustitia.com\/fr\/wp-json\/wp\/v2\/pages\/292\/revisions\/353"}],"wp:featuredmedia":[{"embeddable":true,"href":"https:\/\/www.mbjustitia.com\/fr\/wp-json\/wp\/v2\/media\/285"}],"wp:attachment":[{"href":"https:\/\/www.mbjustitia.com\/fr\/wp-json\/wp\/v2\/media?parent=292"}],"curies":[{"name":"wp","href":"https:\/\/api.w.org\/{rel}","templated":true}]}}