{"id":298,"date":"2025-09-26T08:35:04","date_gmt":"2025-09-26T08:35:04","guid":{"rendered":"https:\/\/www.mbjustitia.com\/droit-immobilier\/"},"modified":"2025-10-01T10:04:41","modified_gmt":"2025-10-01T10:04:41","slug":"droit-immobilier","status":"publish","type":"page","link":"https:\/\/www.mbjustitia.com\/fr\/droit-immobilier\/","title":{"rendered":"Droit immobilier"},"content":{"rendered":"\t\t<div data-elementor-type=\"wp-page\" data-elementor-id=\"298\" class=\"elementor elementor-298 elementor-111\">\n\t\t\t\t<div class=\"elementor-element elementor-element-6317429 e-con-full e-flex e-con e-parent\" data-id=\"6317429\" data-element_type=\"container\" data-e-type=\"container\">\n\t\t\t\t<div class=\"elementor-element elementor-element-d32e969 elementor-widget elementor-widget-text-editor\" data-id=\"d32e969\" data-element_type=\"widget\" data-e-type=\"widget\" data-widget_type=\"text-editor.default\">\n\t\t\t\t\t\t\t\t\t<p>Les avocats associ\u00e9s, Ma\u00eetre Fabrice MAUREL et Ma\u00eetre BIGUENET-MAUREL \u00e9tant titulaires d\u2019un DESS Droit notarial, la mati\u00e8re notariale et notamment le droit immobilier, constitue l\u2019un des domaines de pr\u00e9dilection du Cabinet MB JUSTITIA.<br>Ma\u00eetre Laura FRTISCH titulaire d\u2019un double cursus droit public et droit priv\u00e9, droit de l&rsquo;immobilier et de l&rsquo;urbanisme est tout aussi comp\u00e9tente en la mati\u00e8re.<br>La notion de droit immobilier recouvre l\u2019ensemble des r\u00e8gles et conflits relatifs \u00e0 un bien immeuble (appartement, maison, immeuble), par opposition aux biens meubles. Le cabinet peut donc vous assister dans tout litige qui peut na\u00eetre \u00e0 l\u2019occasion de l\u2019acquisition, la vente, la construction ou la location de tous biens immobiliers.<br>Des conflits peuvent \u00e9galement na\u00eetre \u00e0 l\u2019occasion de l\u2019utilisation du bien immobilier, tels que les troubles de voisinage ou les litiges li\u00e9s \u00e0 la vie en copropri\u00e9t\u00e9 ou en lotissement. Des difficult\u00e9s peuvent appara\u00eetre avec son assureur ou sa banque pr\u00eateur de deniers, son locataire ou son propri\u00e9taire. Enfin, la propri\u00e9t\u00e9 immobili\u00e8re implique un ensemble de relations avec des professionnels nombreux qui peuvent engager leur responsabilit\u00e9, tels que les notaires, agents immobiliers, constructeurs, architectes, assureurs, ou \u00e9tablissements bancaires.      <\/p>\t\t\t\t\t\t\t\t<\/div>\n\t\t\t\t<\/div>\n\t\t\t\t<\/div>\n\t\t","protected":false},"excerpt":{"rendered":"<p>Les avocats associ\u00e9s, Ma\u00eetre Fabrice MAUREL et Ma\u00eetre BIGUENET-MAUREL \u00e9tant titulaires d\u2019un DESS Droit notarial, la mati\u00e8re notariale et notamment le droit immobilier, constitue l\u2019un des domaines de pr\u00e9dilection du Cabinet MB JUSTITIA.Ma\u00eetre Laura FRTISCH titulaire d\u2019un double cursus droit public et droit priv\u00e9, droit de l&rsquo;immobilier et de l&rsquo;urbanisme est tout aussi comp\u00e9tente en [&hellip;]<\/p>\n","protected":false},"author":1,"featured_media":0,"parent":0,"menu_order":0,"comment_status":"closed","ping_status":"closed","template":"","meta":{"footnotes":""},"class_list":["post-298","page","type-page","status-publish","hentry","entry"],"_links":{"self":[{"href":"https:\/\/www.mbjustitia.com\/fr\/wp-json\/wp\/v2\/pages\/298","targetHints":{"allow":["GET"]}}],"collection":[{"href":"https:\/\/www.mbjustitia.com\/fr\/wp-json\/wp\/v2\/pages"}],"about":[{"href":"https:\/\/www.mbjustitia.com\/fr\/wp-json\/wp\/v2\/types\/page"}],"author":[{"embeddable":true,"href":"https:\/\/www.mbjustitia.com\/fr\/wp-json\/wp\/v2\/users\/1"}],"replies":[{"embeddable":true,"href":"https:\/\/www.mbjustitia.com\/fr\/wp-json\/wp\/v2\/comments?post=298"}],"version-history":[{"count":1,"href":"https:\/\/www.mbjustitia.com\/fr\/wp-json\/wp\/v2\/pages\/298\/revisions"}],"predecessor-version":[{"id":299,"href":"https:\/\/www.mbjustitia.com\/fr\/wp-json\/wp\/v2\/pages\/298\/revisions\/299"}],"wp:attachment":[{"href":"https:\/\/www.mbjustitia.com\/fr\/wp-json\/wp\/v2\/media?parent=298"}],"curies":[{"name":"wp","href":"https:\/\/api.w.org\/{rel}","templated":true}]}}