{"id":302,"date":"2025-09-26T09:17:55","date_gmt":"2025-09-26T09:17:55","guid":{"rendered":"https:\/\/www.mbjustitia.com\/copropriete-et-lotissement\/"},"modified":"2025-10-01T10:41:18","modified_gmt":"2025-10-01T10:41:18","slug":"copropriete-et-lotissement","status":"publish","type":"page","link":"https:\/\/www.mbjustitia.com\/fr\/copropriete-et-lotissement\/","title":{"rendered":"Copropri\u00e9t\u00e9 et lotissement"},"content":{"rendered":"\t\t<div data-elementor-type=\"wp-page\" data-elementor-id=\"302\" class=\"elementor elementor-302 elementor-121\">\n\t\t\t\t<div class=\"elementor-element elementor-element-e7c0d49 e-con-full e-flex e-con e-parent\" data-id=\"e7c0d49\" data-element_type=\"container\" data-e-type=\"container\">\n\t\t\t\t<div class=\"elementor-element elementor-element-2835a0e elementor-widget elementor-widget-text-editor\" data-id=\"2835a0e\" data-element_type=\"widget\" data-e-type=\"widget\" data-widget_type=\"text-editor.default\">\n\t\t\t\t\t\t\t\t\t<p>Le cabinet MB JUSTITIA exerce \u00e9norm\u00e9ment dans le domaine du contentieux de la copropri\u00e9t\u00e9. Ma\u00eetre C\u00e9cile BIGUENET-MAUREL \u00e9crit de nombreux articles et contribue \u00e0 des ouvrages dans ce domaine, notamment pour les \u00e9ditions Francis Lefebvre (Memento Droit des particuliers, Vente immobili\u00e8re, Gestion immobili\u00e8re, Professions lib\u00e9rales). Ma\u00eetre Laura FRTISCH est titulaire d\u2019un double cursus droit public et droit priv\u00e9, droit de l&rsquo;immobilier et de l&rsquo;urbanisme. Monsieur le B\u00e2tonnier Fabrice MAUREL a soutenu sa th\u00e8se de doctorat sur la question particuli\u00e8re du droit p\u00e9nal en copropri\u00e9t\u00e9.  <\/p><p>Le contentieux de la copropri\u00e9t\u00e9 recouvre essentiellement les domaines suivants :<\/p><ul><li>la contestation des d\u00e9cisions prises en assembl\u00e9e g\u00e9n\u00e9rale de copropri\u00e9t\u00e9,<\/li><li>le recouvrement des charges de copropri\u00e9t\u00e9,<\/li><li>les troubles de voisinage et infractions au r\u00e8glement de copropri\u00e9t\u00e9,<\/li><li>les d\u00e9sordres de construction,<\/li><li>la responsabilit\u00e9 des professionnels (syndic, constructeur, entrepreneurs, notaire&#8230;),<\/li><li>l\u2019interpr\u00e9tation des documents constitutifs (r\u00e8glement de copropri\u00e9t\u00e9, \u00e9tat descriptif de division).<\/li><\/ul><p>Les lotissements g\u00e9n\u00e8rent un contentieux relativement similaire mais pr\u00e9sentent un particularisme juridique qu\u2019il est indispensable de conna\u00eetre pour assurer une d\u00e9fense efficace dans ce domaine.   <\/p><p>.  <\/p>\t\t\t\t\t\t\t\t<\/div>\n\t\t\t\t<\/div>\n\t\t\t\t<\/div>\n\t\t","protected":false},"excerpt":{"rendered":"<p>Le cabinet MB JUSTITIA exerce \u00e9norm\u00e9ment dans le domaine du contentieux de la copropri\u00e9t\u00e9. Ma\u00eetre C\u00e9cile BIGUENET-MAUREL \u00e9crit de nombreux articles et contribue \u00e0 des ouvrages dans ce domaine, notamment pour les \u00e9ditions Francis Lefebvre (Memento Droit des particuliers, Vente immobili\u00e8re, Gestion immobili\u00e8re, Professions lib\u00e9rales). Ma\u00eetre Laura FRTISCH est titulaire d\u2019un double cursus droit public [&hellip;]<\/p>\n","protected":false},"author":1,"featured_media":0,"parent":0,"menu_order":0,"comment_status":"closed","ping_status":"closed","template":"","meta":{"footnotes":""},"class_list":["post-302","page","type-page","status-publish","hentry","entry"],"_links":{"self":[{"href":"https:\/\/www.mbjustitia.com\/fr\/wp-json\/wp\/v2\/pages\/302","targetHints":{"allow":["GET"]}}],"collection":[{"href":"https:\/\/www.mbjustitia.com\/fr\/wp-json\/wp\/v2\/pages"}],"about":[{"href":"https:\/\/www.mbjustitia.com\/fr\/wp-json\/wp\/v2\/types\/page"}],"author":[{"embeddable":true,"href":"https:\/\/www.mbjustitia.com\/fr\/wp-json\/wp\/v2\/users\/1"}],"replies":[{"embeddable":true,"href":"https:\/\/www.mbjustitia.com\/fr\/wp-json\/wp\/v2\/comments?post=302"}],"version-history":[{"count":1,"href":"https:\/\/www.mbjustitia.com\/fr\/wp-json\/wp\/v2\/pages\/302\/revisions"}],"predecessor-version":[{"id":303,"href":"https:\/\/www.mbjustitia.com\/fr\/wp-json\/wp\/v2\/pages\/302\/revisions\/303"}],"wp:attachment":[{"href":"https:\/\/www.mbjustitia.com\/fr\/wp-json\/wp\/v2\/media?parent=302"}],"curies":[{"name":"wp","href":"https:\/\/api.w.org\/{rel}","templated":true}]}}