{"id":304,"date":"2025-09-26T09:19:27","date_gmt":"2025-09-26T09:19:27","guid":{"rendered":"https:\/\/www.mbjustitia.com\/droit-des-successions\/"},"modified":"2025-10-01T10:43:47","modified_gmt":"2025-10-01T10:43:47","slug":"droit-des-successions","status":"publish","type":"page","link":"https:\/\/www.mbjustitia.com\/fr\/droit-des-successions\/","title":{"rendered":"Droit des successions"},"content":{"rendered":"\t\t<div data-elementor-type=\"wp-page\" data-elementor-id=\"304\" class=\"elementor elementor-304 elementor-123\">\n\t\t\t\t<div class=\"elementor-element elementor-element-116cbb6 e-con-full e-flex e-con e-parent\" data-id=\"116cbb6\" data-element_type=\"container\" data-e-type=\"container\">\n\t\t\t\t<div class=\"elementor-element elementor-element-b184b44 elementor-widget elementor-widget-text-editor\" data-id=\"b184b44\" data-element_type=\"widget\" data-e-type=\"widget\" data-widget_type=\"text-editor.default\">\n\t\t\t\t\t\t\t\t\t<p>Les avocats associ\u00e9s, Monsieur le B\u00e2tonnier Fabrice MAUREL et Ma\u00eetre C\u00e9cile BIGUENET-MAUREL \u00e9tant titulaires d\u2019un DESS droit notarial, la mati\u00e8re notariale, et notamment le droit successoral, constitue l\u2019un des domaines de pr\u00e9dilection du Cabinet MB JUSTITIA. Ma\u00eetre Laura FRTISCH titulaire d\u2019un double cursus droit public et droit priv\u00e9, droit de l&rsquo;immobilier et de l&rsquo;urbanisme est aussi comp\u00e9tente en la mati\u00e8re.<\/p><p>Tout ce qui ressort du droit successoral constitue donc une mati\u00e8re dont ils ma\u00eetrisent les particularit\u00e9s et les difficult\u00e9s. Cette mati\u00e8re recouvre de nombreuses situations. Qu\u2019il s\u2019agisse d\u2019agir en partage de succession ou d\u2019indivision, de contester une donation, un legs ou un testament ou encore d\u2019agir en recel ou en r\u00e9duction et\/ou rapport d\u2019une assurance-vie ou d\u2019une donation, le cabinet peut vous apporter un soutien dans l\u2019analyse de votre situation et vous repr\u00e9senter devant les juridictions comp\u00e9tentes.Cette mati\u00e8re recouvre de nombreuses situations. Qu\u2019il s\u2019agisse d\u2019agir en partage de succession ou d\u2019indivision, de contester une donation, un legs ou un testament ou encore d\u2019agir en recel ou en r\u00e9duction et\/ou rapport d\u2019une assurance-vie ou d\u2019une donation, le cabinet peut vous apporter un soutien dans l\u2019analyse de votre situation et vous repr\u00e9senter devant les juridictions comp\u00e9tentes.<\/p>\t\t\t\t\t\t\t\t<\/div>\n\t\t\t\t<\/div>\n\t\t\t\t<\/div>\n\t\t","protected":false},"excerpt":{"rendered":"<p>Les avocats associ\u00e9s, Monsieur le B\u00e2tonnier Fabrice MAUREL et Ma\u00eetre C\u00e9cile BIGUENET-MAUREL \u00e9tant titulaires d\u2019un DESS droit notarial, la mati\u00e8re notariale, et notamment le droit successoral, constitue l\u2019un des domaines de pr\u00e9dilection du Cabinet MB JUSTITIA. Ma\u00eetre Laura FRTISCH titulaire d\u2019un double cursus droit public et droit priv\u00e9, droit de l&rsquo;immobilier et de l&rsquo;urbanisme est [&hellip;]<\/p>\n","protected":false},"author":1,"featured_media":0,"parent":0,"menu_order":0,"comment_status":"closed","ping_status":"closed","template":"","meta":{"footnotes":""},"class_list":["post-304","page","type-page","status-publish","hentry","entry"],"_links":{"self":[{"href":"https:\/\/www.mbjustitia.com\/fr\/wp-json\/wp\/v2\/pages\/304","targetHints":{"allow":["GET"]}}],"collection":[{"href":"https:\/\/www.mbjustitia.com\/fr\/wp-json\/wp\/v2\/pages"}],"about":[{"href":"https:\/\/www.mbjustitia.com\/fr\/wp-json\/wp\/v2\/types\/page"}],"author":[{"embeddable":true,"href":"https:\/\/www.mbjustitia.com\/fr\/wp-json\/wp\/v2\/users\/1"}],"replies":[{"embeddable":true,"href":"https:\/\/www.mbjustitia.com\/fr\/wp-json\/wp\/v2\/comments?post=304"}],"version-history":[{"count":1,"href":"https:\/\/www.mbjustitia.com\/fr\/wp-json\/wp\/v2\/pages\/304\/revisions"}],"predecessor-version":[{"id":305,"href":"https:\/\/www.mbjustitia.com\/fr\/wp-json\/wp\/v2\/pages\/304\/revisions\/305"}],"wp:attachment":[{"href":"https:\/\/www.mbjustitia.com\/fr\/wp-json\/wp\/v2\/media?parent=304"}],"curies":[{"name":"wp","href":"https:\/\/api.w.org\/{rel}","templated":true}]}}