{"id":306,"date":"2025-09-26T09:41:09","date_gmt":"2025-09-26T09:41:09","guid":{"rendered":"https:\/\/www.mbjustitia.com\/droit-de-la-responsabilite\/"},"modified":"2025-10-01T10:44:38","modified_gmt":"2025-10-01T10:44:38","slug":"droit-de-la-responsabilite","status":"publish","type":"page","link":"https:\/\/www.mbjustitia.com\/fr\/droit-de-la-responsabilite\/","title":{"rendered":"Droit de la responsabilit\u00e9"},"content":{"rendered":"\t\t<div data-elementor-type=\"wp-page\" data-elementor-id=\"306\" class=\"elementor elementor-306 elementor-131\">\n\t\t\t\t<div class=\"elementor-element elementor-element-fd6c8f1 e-con-full e-flex e-con e-parent\" data-id=\"fd6c8f1\" data-element_type=\"container\" data-e-type=\"container\">\n\t\t\t\t<div class=\"elementor-element elementor-element-3b7d594 elementor-widget elementor-widget-text-editor\" data-id=\"3b7d594\" data-element_type=\"widget\" data-e-type=\"widget\" data-widget_type=\"text-editor.default\">\n\t\t\t\t\t\t\t\t\t<p>Ma\u00eetre BIGUENET a r\u00e9dig\u00e9 un ouvrage sur la responsabilit\u00e9 notariale (Le devoir de conseil des notaires, \u00e9ditions DEFRENOIS) et participe \u00e0 la r\u00e9daction et la r\u00e9guli\u00e8re mise \u00e0 jour de m\u00e9mentos Francis Lefebvre qui traitent de la question de la responsabilit\u00e9 professionnelle, notamment des notaires, des agents immobiliers, des architectes, diagnostiqueurs et constructeurs ou encore des syndics (Memento Droit des particuliers, Vente immobili\u00e8re, Gestion immobili\u00e8re, Professions lib\u00e9rales).<\/p><p>Le cabinet peut donc assister les professionnels ou les clients victimes dans le cadre des litiges qui les opposent.<\/p>\t\t\t\t\t\t\t\t<\/div>\n\t\t\t\t<\/div>\n\t\t\t\t<\/div>\n\t\t","protected":false},"excerpt":{"rendered":"<p>Ma\u00eetre BIGUENET a r\u00e9dig\u00e9 un ouvrage sur la responsabilit\u00e9 notariale (Le devoir de conseil des notaires, \u00e9ditions DEFRENOIS) et participe \u00e0 la r\u00e9daction et la r\u00e9guli\u00e8re mise \u00e0 jour de m\u00e9mentos Francis Lefebvre qui traitent de la question de la responsabilit\u00e9 professionnelle, notamment des notaires, des agents immobiliers, des architectes, diagnostiqueurs et constructeurs ou encore [&hellip;]<\/p>\n","protected":false},"author":1,"featured_media":0,"parent":0,"menu_order":0,"comment_status":"closed","ping_status":"closed","template":"","meta":{"footnotes":""},"class_list":["post-306","page","type-page","status-publish","hentry","entry"],"_links":{"self":[{"href":"https:\/\/www.mbjustitia.com\/fr\/wp-json\/wp\/v2\/pages\/306","targetHints":{"allow":["GET"]}}],"collection":[{"href":"https:\/\/www.mbjustitia.com\/fr\/wp-json\/wp\/v2\/pages"}],"about":[{"href":"https:\/\/www.mbjustitia.com\/fr\/wp-json\/wp\/v2\/types\/page"}],"author":[{"embeddable":true,"href":"https:\/\/www.mbjustitia.com\/fr\/wp-json\/wp\/v2\/users\/1"}],"replies":[{"embeddable":true,"href":"https:\/\/www.mbjustitia.com\/fr\/wp-json\/wp\/v2\/comments?post=306"}],"version-history":[{"count":1,"href":"https:\/\/www.mbjustitia.com\/fr\/wp-json\/wp\/v2\/pages\/306\/revisions"}],"predecessor-version":[{"id":307,"href":"https:\/\/www.mbjustitia.com\/fr\/wp-json\/wp\/v2\/pages\/306\/revisions\/307"}],"wp:attachment":[{"href":"https:\/\/www.mbjustitia.com\/fr\/wp-json\/wp\/v2\/media?parent=306"}],"curies":[{"name":"wp","href":"https:\/\/api.w.org\/{rel}","templated":true}]}}