{"id":312,"date":"2025-09-24T07:36:00","date_gmt":"2025-09-24T07:36:00","guid":{"rendered":"https:\/\/www.mbjustitia.com\/en-cours-de-construction\/"},"modified":"2025-10-01T10:46:56","modified_gmt":"2025-10-01T10:46:56","slug":"en-cours-de-construction","status":"publish","type":"page","link":"https:\/\/www.mbjustitia.com\/fr\/en-cours-de-construction\/","title":{"rendered":"En cours de construction"},"content":{"rendered":"\n<p><strong>Lorem Ipsum<\/strong> est simplement un texte factice de l&rsquo;industrie de l&rsquo;imprimerie et de la composition. Le Lorem Ipsum est le texte factice standard de l&rsquo;industrie depuis les ann\u00e9es 1500, lorsqu&rsquo;un imprimeur inconnu a pris une gal\u00e8re de caract\u00e8res et l&rsquo;a brouill\u00e9e pour en faire un livre de sp\u00e9cimens de caract\u00e8res. Il a surv\u00e9cu non seulement \u00e0 cinq si\u00e8cles, mais aussi au passage \u00e0 la composition \u00e9lectronique, en restant essentiellement inchang\u00e9. Il a \u00e9t\u00e9 popularis\u00e9 dans les ann\u00e9es 1960 avec la publication de feuilles Letraset contenant des passages Lorem Ipsum, et plus r\u00e9cemment avec des logiciels de publication assist\u00e9e par ordinateur comme Aldus PageMaker incluant des versions de Lorem Ipsum.<\/p>\n\n<p>Il est \u00e9tabli depuis longtemps qu&rsquo;un lecteur se laisse distraire par le contenu lisible d&rsquo;une page lorsqu&rsquo;il regarde sa mise en page. L&rsquo;int\u00e9r\u00eat d&rsquo;utiliser le Lorem Ipsum est qu&rsquo;il pr\u00e9sente une distribution plus ou moins normale des lettres, contrairement \u00e0 l&rsquo;utilisation de \u00ab\u00a0Content here, content here\u00a0\u00bb, qui donne l&rsquo;impression d&rsquo;un anglais lisible. De nombreux logiciels de publication assist\u00e9e par ordinateur et \u00e9diteurs de pages web utilisent d\u00e9sormais le Lorem Ipsum comme texte mod\u00e8le par d\u00e9faut, et une recherche sur \u00ab\u00a0lorem ipsum\u00a0\u00bb permet de d\u00e9couvrir de nombreux sites web qui en sont encore \u00e0 leurs balbutiements. Diverses versions ont \u00e9volu\u00e9 au fil des ans, parfois par accident, parfois \u00e0 dessein (humour inject\u00e9, etc.).<\/p>\n","protected":false},"excerpt":{"rendered":"<p>Lorem Ipsum est simplement un texte factice de l&rsquo;industrie de l&rsquo;imprimerie et de la composition. Le Lorem Ipsum est le texte factice standard de l&rsquo;industrie depuis les ann\u00e9es 1500, lorsqu&rsquo;un imprimeur inconnu a pris une gal\u00e8re de caract\u00e8res et l&rsquo;a brouill\u00e9e pour en faire un livre de sp\u00e9cimens de caract\u00e8res. Il a surv\u00e9cu non seulement [&hellip;]<\/p>\n","protected":false},"author":1,"featured_media":279,"parent":0,"menu_order":0,"comment_status":"closed","ping_status":"closed","template":"","meta":{"footnotes":""},"class_list":["post-312","page","type-page","status-publish","has-post-thumbnail","hentry","entry"],"_links":{"self":[{"href":"https:\/\/www.mbjustitia.com\/fr\/wp-json\/wp\/v2\/pages\/312","targetHints":{"allow":["GET"]}}],"collection":[{"href":"https:\/\/www.mbjustitia.com\/fr\/wp-json\/wp\/v2\/pages"}],"about":[{"href":"https:\/\/www.mbjustitia.com\/fr\/wp-json\/wp\/v2\/types\/page"}],"author":[{"embeddable":true,"href":"https:\/\/www.mbjustitia.com\/fr\/wp-json\/wp\/v2\/users\/1"}],"replies":[{"embeddable":true,"href":"https:\/\/www.mbjustitia.com\/fr\/wp-json\/wp\/v2\/comments?post=312"}],"version-history":[{"count":1,"href":"https:\/\/www.mbjustitia.com\/fr\/wp-json\/wp\/v2\/pages\/312\/revisions"}],"predecessor-version":[{"id":313,"href":"https:\/\/www.mbjustitia.com\/fr\/wp-json\/wp\/v2\/pages\/312\/revisions\/313"}],"wp:featuredmedia":[{"embeddable":true,"href":"https:\/\/www.mbjustitia.com\/fr\/wp-json\/wp\/v2\/media\/279"}],"wp:attachment":[{"href":"https:\/\/www.mbjustitia.com\/fr\/wp-json\/wp\/v2\/media?parent=312"}],"curies":[{"name":"wp","href":"https:\/\/api.w.org\/{rel}","templated":true}]}}