{"id":411,"date":"2025-09-26T06:51:02","date_gmt":"2025-09-26T06:51:02","guid":{"rendered":"https:\/\/www.mbjustitia.com\/les-honoraires\/"},"modified":"2025-10-09T06:48:40","modified_gmt":"2025-10-09T06:48:40","slug":"les-honoraires","status":"publish","type":"page","link":"https:\/\/www.mbjustitia.com\/fr\/les-honoraires\/","title":{"rendered":"Les honoraires"},"content":{"rendered":"\t\t<div data-elementor-type=\"wp-page\" data-elementor-id=\"411\" class=\"elementor elementor-411 elementor-91\">\n\t\t\t\t<div class=\"elementor-element elementor-element-560df28 e-con-full e-flex e-con e-parent\" data-id=\"560df28\" data-element_type=\"container\" data-e-type=\"container\">\n\t\t\t\t<div class=\"elementor-element elementor-element-2b0efa1 elementor-widget elementor-widget-text-editor\" data-id=\"2b0efa1\" data-element_type=\"widget\" data-e-type=\"widget\" data-widget_type=\"text-editor.default\">\n\t\t\t\t\t\t\t\t\t<p>Les honoraires sont librement fix\u00e9s entre le client et l\u2019avocat, dans le respect des obligations l\u00e9gales en la mati\u00e8re.<br>Le cabinet M.B. JUSTITIA pratique un taux horaire fix\u00e9 \u00e0 250 euros HT.<br>Pour chaque affaire, un devis peut \u00eatre \u00e9tabli afin de savoir quel sera le montant r\u00e9clam\u00e9 pour un dossier.<br>En accord avec le client, il est \u00e9galement possible, pour certaines affaires, de pr\u00e9voir un honoraire pour partie forfaitaire et pour partie fonction du r\u00e9sultat.<\/p>\t\t\t\t\t\t\t\t<\/div>\n\t\t\t\t<div class=\"elementor-element elementor-element-83f7c88 elementor-widget elementor-widget-heading\" data-id=\"83f7c88\" data-element_type=\"widget\" data-e-type=\"widget\" data-widget_type=\"heading.default\">\n\t\t\t\t\t<h5 class=\"elementor-heading-title elementor-size-default\">D\u00e9termination des honoraires<\/h5>\t\t\t\t<\/div>\n\t\t\t\t<div class=\"elementor-element elementor-element-a057053 elementor-widget elementor-widget-text-editor\" data-id=\"a057053\" data-element_type=\"widget\" data-e-type=\"widget\" data-widget_type=\"text-editor.default\">\n\t\t\t\t\t\t\t\t\t<p>A d\u00e9faut de convention entre l\u2019avocat et son client, les honoraires sont fix\u00e9s selon les usages, en fonction de la situation de fortune du client, de la difficult\u00e9 de l\u2019affaire, des frais expos\u00e9s par l\u2019avocat, de la notori\u00e9t\u00e9 et des diligences de celui-ci. L\u2019avocat charg\u00e9 d\u2019un dossier peut demander des honoraires \u00e0 son client m\u00eame si ce dossier lui est retir\u00e9 avant sa conclusion, dans la mesure du travail accompli.\nThe lawyer responsible for a case can charge their client fees for the work that they have done, even if the file is withdrawn from them before it is concluded. <\/p>\t\t\t\t\t\t\t\t<\/div>\n\t\t\t\t<div class=\"elementor-element elementor-element-8697f43 elementor-widget elementor-widget-heading\" data-id=\"8697f43\" data-element_type=\"widget\" data-e-type=\"widget\" data-widget_type=\"heading.default\">\n\t\t\t\t\t<h5 class=\"elementor-heading-title elementor-size-default\">Information du client<\/h5>\t\t\t\t<\/div>\n\t\t\t\t<div class=\"elementor-element elementor-element-3fdcbb6 elementor-widget elementor-widget-text-editor\" data-id=\"3fdcbb6\" data-element_type=\"widget\" data-e-type=\"widget\" data-widget_type=\"text-editor.default\">\n\t\t\t\t\t\t\t\t\t<p>L\u2019avocat informe son client, d\u00e8s sa saisine, puis de mani\u00e8re r\u00e9guli\u00e8re, des modalit\u00e9s de d\u00e9termination des honoraires et de l\u2019\u00e9volution pr\u00e9visible de leur montant. Le cas \u00e9ch\u00e9ant, ces informations figurent dans la convention d\u2019honoraires. Sauf si l\u2019avocat intervient en urgence devant une juridiction, une telle convention est obligatoire lorsque l\u2019avocat est r\u00e9mun\u00e9r\u00e9, en tout ou partie, au titre d\u2019un contrat d\u2019assurance de protection juridique.  <\/p>\t\t\t\t\t\t\t\t<\/div>\n\t\t\t\t<div class=\"elementor-element elementor-element-bfa3021 elementor-widget elementor-widget-heading\" data-id=\"bfa3021\" data-element_type=\"widget\" data-e-type=\"widget\" data-widget_type=\"heading.default\">\n\t\t\t\t\t<h5 class=\"elementor-heading-title elementor-size-default\">El\u00e9ments de la r\u00e9mun\u00e9ration<\/h5>\t\t\t\t<\/div>\n\t\t\t\t<div class=\"elementor-element elementor-element-3c44865 elementor-widget elementor-widget-text-editor\" data-id=\"3c44865\" data-element_type=\"widget\" data-e-type=\"widget\" data-widget_type=\"text-editor.default\">\n\t\t\t\t\t\t\t\t\t<p>La r\u00e9mun\u00e9ration de l\u2019avocat est fonction, notamment, de chacun des \u00e9l\u00e9ments suivants conform\u00e9ment aux usages :<br>\u2022 le temps consacr\u00e9 \u00e0 l\u2019affaire,<br>\u2022 le travail de recherche,<br>\u2022 la nature et la difficult\u00e9 de l\u2019affaire,<br>\u2022 l\u2019importance des int\u00e9r\u00eats en cause,<br>\u2022 l\u2019incidence des frais et charges du cabinet auquel il appartient,<br>\u2022 sa notori\u00e9t\u00e9, ses titres, son anciennet\u00e9, son exp\u00e9rience et la sp\u00e9cialisation dont il est titulaire,<br>\u2022 les avantages et le r\u00e9sultat obtenus au profit du client par son travail, ainsi que le service rendu \u00e0 celui-ci,<br>\u2022 la situation de fortune du client.<\/p>\t\t\t\t\t\t\t\t<\/div>\n\t\t\t\t<div class=\"elementor-element elementor-element-336b73b elementor-widget elementor-widget-heading\" data-id=\"336b73b\" data-element_type=\"widget\" data-e-type=\"widget\" data-widget_type=\"heading.default\">\n\t\t\t\t\t<h3 class=\"elementor-heading-title elementor-size-default\">Modes de d\u00e9termination des honoraires<\/h3>\t\t\t\t<\/div>\n\t\t\t\t<div class=\"elementor-element elementor-element-ab87fd2 elementor-widget elementor-widget-heading\" data-id=\"ab87fd2\" data-element_type=\"widget\" data-e-type=\"widget\" data-widget_type=\"heading.default\">\n\t\t\t\t\t<h5 class=\"elementor-heading-title elementor-size-default\">Modes autoris\u00e9s<\/h5>\t\t\t\t<\/div>\n\t\t\t\t<div class=\"elementor-element elementor-element-3cb4419 elementor-widget elementor-widget-text-editor\" data-id=\"3cb4419\" data-element_type=\"widget\" data-e-type=\"widget\" data-widget_type=\"text-editor.default\">\n\t\t\t\t\t\t\t\t\t<p>Des honoraires forfaitaires peuvent \u00eatre convenus. L\u2019avocat peut recevoir d\u2019un client des honoraires de mani\u00e8re p\u00e9riodique, y compris sous forme forfaitaire. <\/p>\t\t\t\t\t\t\t\t<\/div>\n\t\t\t\t<div class=\"elementor-element elementor-element-ea33d8b elementor-widget elementor-widget-heading\" data-id=\"ea33d8b\" data-element_type=\"widget\" data-e-type=\"widget\" data-widget_type=\"heading.default\">\n\t\t\t\t\t<h5 class=\"elementor-heading-title elementor-size-default\">Modes prohib\u00e9s<\/h5>\t\t\t\t<\/div>\n\t\t\t\t<div class=\"elementor-element elementor-element-bc21d5a elementor-widget elementor-widget-text-editor\" data-id=\"bc21d5a\" data-element_type=\"widget\" data-e-type=\"widget\" data-widget_type=\"text-editor.default\">\n\t\t\t\t\t\t\t\t\t<p>Il est interdit \u00e0 l\u2019avocat de fixer ses honoraires par un pacte dequota litis.<br>Le pacte dequota litis est une convention pass\u00e9e entre l\u2019avocat et son client avant d\u00e9cision judiciaire d\u00e9finitive, qui fixe exclusivement l\u2019int\u00e9gralit\u00e9 de ses honoraires en fonction du r\u00e9sultat judiciaire de l\u2019affaire, que ces honoraires consistent en une somme d\u2019argent ou en tout autre bien ou valeur.<br>L\u2019avocat ne peut percevoir d\u2019honoraires que de son client ou d\u2019un mandataire de celui-ci.<br>La r\u00e9mun\u00e9ration d\u2019apports d\u2019affaires est interdite. <\/p>\t\t\t\t\t\t\t\t<\/div>\n\t\t\t\t<div class=\"elementor-element elementor-element-59e3420 elementor-widget elementor-widget-heading\" data-id=\"59e3420\" data-element_type=\"widget\" data-e-type=\"widget\" data-widget_type=\"heading.default\">\n\t\t\t\t\t<h5 class=\"elementor-heading-title elementor-size-default\">Provision sur frais et honoraires<\/h5>\t\t\t\t<\/div>\n\t\t\t\t<div class=\"elementor-element elementor-element-8c28bf2 elementor-widget elementor-widget-text-editor\" data-id=\"8c28bf2\" data-element_type=\"widget\" data-e-type=\"widget\" data-widget_type=\"text-editor.default\">\n\t\t\t\t\t\t\t\t\t<p>L\u2019avocat qui accepte la charge d\u2019un dossier peut demander \u00e0 son client le versement pr\u00e9alable d\u2019une provision \u00e0 valoir sur ses frais et honoraires.<br>Cette provision ne peut aller au-del\u00e0 d\u2019une estimation raisonnable des honoraires et des d\u00e9bours probables entra\u00een\u00e9s par le dossier.<br>A d\u00e9faut de paiement de la provision demand\u00e9e, l\u2019avocat peut renoncer \u00e0 s\u2019occuper de l\u2019affaire ou s\u2019en retirer dans les conditions pr\u00e9vues \u00e0 l\u2019article 13 du d\u00e9cret du 12 juillet 2005. Il fournit \u00e0 son client toute information n\u00e9cessaire \u00e0 cet effet. <\/p>\t\t\t\t\t\t\t\t<\/div>\n\t\t\t\t<div class=\"elementor-element elementor-element-e2882e0 elementor-widget elementor-widget-heading\" data-id=\"e2882e0\" data-element_type=\"widget\" data-e-type=\"widget\" data-widget_type=\"heading.default\">\n\t\t\t\t\t<h5 class=\"elementor-heading-title elementor-size-default\">Textes de r\u00e9f\u00e9rences<\/h5>\t\t\t\t<\/div>\n\t\t\t\t<div class=\"elementor-element elementor-element-5a43301 elementor-widget elementor-widget-text-editor\" data-id=\"5a43301\" data-element_type=\"widget\" data-e-type=\"widget\" data-widget_type=\"text-editor.default\">\n\t\t\t\t\t\t\t\t\t<p>L. 31 d\u00e9c. 1971, art. 10 ;<\/p><p>L. 31 d\u00e9c. 1971, art. 10 ;<\/p><p>D. 27 nov. 1991, art. 174 et s.<\/p><p>RIN, art. 11 et s.<\/p>\t\t\t\t\t\t\t\t<\/div>\n\t\t\t\t<\/div>\n\t\t\t\t<\/div>\n\t\t","protected":false},"excerpt":{"rendered":"<p>Les honoraires sont librement fix\u00e9s entre le client et l\u2019avocat, dans le respect des obligations l\u00e9gales en la mati\u00e8re.Le cabinet M.B. JUSTITIA pratique un taux horaire fix\u00e9 \u00e0 250 euros HT.Pour chaque affaire, un devis peut \u00eatre \u00e9tabli afin de savoir quel sera le montant r\u00e9clam\u00e9 pour un dossier.En accord avec le client, il est [&hellip;]<\/p>\n","protected":false},"author":1,"featured_media":0,"parent":0,"menu_order":0,"comment_status":"closed","ping_status":"closed","template":"","meta":{"footnotes":""},"class_list":["post-411","page","type-page","status-publish","hentry","entry"],"_links":{"self":[{"href":"https:\/\/www.mbjustitia.com\/fr\/wp-json\/wp\/v2\/pages\/411","targetHints":{"allow":["GET"]}}],"collection":[{"href":"https:\/\/www.mbjustitia.com\/fr\/wp-json\/wp\/v2\/pages"}],"about":[{"href":"https:\/\/www.mbjustitia.com\/fr\/wp-json\/wp\/v2\/types\/page"}],"author":[{"embeddable":true,"href":"https:\/\/www.mbjustitia.com\/fr\/wp-json\/wp\/v2\/users\/1"}],"replies":[{"embeddable":true,"href":"https:\/\/www.mbjustitia.com\/fr\/wp-json\/wp\/v2\/comments?post=411"}],"version-history":[{"count":1,"href":"https:\/\/www.mbjustitia.com\/fr\/wp-json\/wp\/v2\/pages\/411\/revisions"}],"predecessor-version":[{"id":412,"href":"https:\/\/www.mbjustitia.com\/fr\/wp-json\/wp\/v2\/pages\/411\/revisions\/412"}],"wp:attachment":[{"href":"https:\/\/www.mbjustitia.com\/fr\/wp-json\/wp\/v2\/media?parent=411"}],"curies":[{"name":"wp","href":"https:\/\/api.w.org\/{rel}","templated":true}]}}